{"id":10386,"date":"2017-01-17T15:44:03","date_gmt":"2017-01-17T15:44:03","guid":{"rendered":"https:\/\/barista.qodeinteractive.com\/?page_id=10386"},"modified":"2023-06-29T11:11:36","modified_gmt":"2023-06-29T11:11:36","slug":"parallax-showcase","status":"publish","type":"page","link":"https:\/\/attracted.ch\/","title":{"rendered":"Attracted"},"content":{"rendered":"<p>[vc_row row_type=&#8220;parallax&#8220; content_width=&#8220;grid&#8220; header_style=&#8220;edgtf-dark-header&#8220; full_screen_section_height=&#8220;no&#8220; parallax_background_image=&#8220;14102&#8243; css=&#8220;.vc_custom_1688037070220{padding-top: 12% !important;padding-bottom: 12.7% !important;}&#8220; el_class=&#8220;darken&#8220;][vc_column offset=&#8220;vc_col-lg-12 vc_col-md-12&#8243;]<div class=\"edgtf-elements-holder edgtf-responsive-mode-768\" ><div class=\"edgtf-elements-holder-item \" data-item-class=\"edgtf-elements-holder-custom-442104\" data-768-1024=\"0 0 0 1.5%\" data-600-768=\"0 0 0 2%\" data-480-600=\"0 0 0 0\" data-480=\"0 0 0 0\" >\n\t\t<div class=\"edgtf-elements-holder-item-inner\">\n\t\t<div class=\"edgtf-elements-holder-item-content edgtf-elements-holder-custom-442104\" style=\"padding: 0 0 0 0\">\n\t\t\t\n<div class=\"edgtf-custom-font-holder\" style=\"font-family: Oswald;font-size: 90px;line-height: 110px;font-weight: 600;letter-spacing: 2px;text-transform: Uppercase;text-align: left;color: #ffffff\" data-font-size= 90 data-line-height= 110>\n\tAttracted\t<\/div>\n\n<div class=\"edgtf-custom-font-holder\" style=\"font-family: Oswald;font-size: 90px;line-height: 110px;font-weight: 600;letter-spacing: 2px;text-transform: Uppercase;text-align: left;color: #ffffff\" data-font-size= 90 data-line-height= 110>\n\tto Drinks\t<\/div>\n[vc_empty_space height=&#8220;25px&#8220;]\n<div class=\"edgtf-custom-font-holder\" style=\"font-family: Merriweather;font-size: 25px;line-height: 30px;font-weight: 200;text-align: left;color: #ffffff\" data-font-size= 25 data-line-height= 30>\n\t\n<div><em>Buche dir deine Bar mit einem\/er Barkeeper\/in sowie Servicepersonal f\u00fcr deinen Event.\u00a0Lass deine G\u00e4ste und dich in Genuss von trendigen Cocktails und Drinks kommen.<\/em><\/div>\n\t<\/div>\n[vc_empty_space height=&#8220;40px&#8220;]<a itemprop=\"url\" href=\"mailto:hello@attracted.ch\" target=\"_self\"  class=\"edgtf-btn edgtf-btn-medium edgtf-btn-outline-light edgtf-btn-custom-hover-bg edgtf-btn-custom-border-hover edgtf-btn-custom-hover-color\" data-hover-bg-color=\"#ffffff\" data-hover-color=\"#130f0b\" data-hover-border-color=\"#ffffff\" >\n\t<span class=\"edgtf-btn-text\">Mehr erfahren<\/span>\n    <\/a>\t\t<\/div>\n\t<\/div>\n\t<\/div><\/div>[\/vc_column][\/vc_row][vc_row row_type=&#8220;parallax&#8220; content_width=&#8220;grid&#8220; full_screen_section_height=&#8220;no&#8220; parallax_background_image=&#8220;14104&#8243; css=&#8220;.vc_custom_1688037082288{padding-top: 12% !important;padding-bottom: 12.7% !important;}&#8220; el_class=&#8220;darken&#8220;][vc_column offset=&#8220;vc_col-lg-offset-0 vc_col-lg-12 vc_col-md-12&#8243;]<div class=\"edgtf-elements-holder edgtf-responsive-mode-768\" ><div class=\"edgtf-elements-holder-item \" data-item-class=\"edgtf-elements-holder-custom-341709\" data-768-1024=\"0 0 0 1.5%\" data-600-768=\"0 0 0 2%\" data-480-600=\"0 1% 0 5%\" data-480=\"0 0 0 0\" >\n\t\t<div class=\"edgtf-elements-holder-item-inner\">\n\t\t<div class=\"edgtf-elements-holder-item-content edgtf-elements-holder-custom-341709\" style=\"padding: 0 0 0 0\">\n\t\t\t\n<div class=\"edgtf-custom-font-holder\" style=\"font-family: Oswald;font-size: 90px;line-height: 110px;font-weight: 600;letter-spacing: 2px;text-transform: Uppercase;text-align: left;color: #ffffff\" data-font-size= 90 data-line-height= 110>\n\tAttracted\t<\/div>\n\n<div class=\"edgtf-custom-font-holder\" style=\"font-family: Oswald;font-size: 90px;line-height: 110px;font-weight: 600;letter-spacing: 2px;text-transform: Uppercase;text-align: left;color: #ffffff\" data-font-size= 90 data-line-height= 110>\n\tto Sound\t<\/div>\n[vc_empty_space height=&#8220;25px&#8220;]\n<div class=\"edgtf-custom-font-holder\" style=\"font-family: Merriweather;font-size: 25px;line-height: 30px;font-weight: 200;text-align: left;color: #ffffff\" data-font-size= 25 data-line-height= 30>\n\t<em>Wir liefern euch den passenden DJ f\u00fcr jede Art von Event. DJ &#8211; Setting f\u00fcr deinen Club, deine Bar, deine Party, deinen Geburtstag, deinen Gesch\u00e4ftsanlass, deine Hochzeit, &#8230;<\/em>\t<\/div>\n[vc_empty_space height=&#8220;40px&#8220;]<a itemprop=\"url\" href=\"mailto:hello@attracted.ch\" target=\"_self\"  class=\"edgtf-btn edgtf-btn-medium edgtf-btn-outline-light edgtf-btn-custom-hover-bg edgtf-btn-custom-border-hover edgtf-btn-custom-hover-color\" data-hover-bg-color=\"#ffffff\" data-hover-color=\"#130f0b\" data-hover-border-color=\"#ffffff\" >\n\t<span class=\"edgtf-btn-text\">Mehr erfahren<\/span>\n    <\/a>\t\t<\/div>\n\t<\/div>\n\t<\/div><\/div>[\/vc_column][\/vc_row][vc_row row_type=&#8220;parallax&#8220; content_width=&#8220;grid&#8220; full_screen_section_height=&#8220;no&#8220; parallax_background_image=&#8220;14103&#8243; css=&#8220;.vc_custom_1688037093374{padding-top: 12% !important;padding-bottom: 12.7% !important;}&#8220; el_class=&#8220;darken&#8220;][vc_column offset=&#8220;vc_col-lg-12 vc_col-md-12&#8243;]<div class=\"edgtf-elements-holder edgtf-responsive-mode-768\" ><div class=\"edgtf-elements-holder-item \" data-item-class=\"edgtf-elements-holder-custom-740095\" data-768-1024=\"0 0 0 1.5%\" data-600-768=\"0 0 0 2%\" data-480-600=\"0 0 0 0\" >\n\t\t<div class=\"edgtf-elements-holder-item-inner\">\n\t\t<div class=\"edgtf-elements-holder-item-content edgtf-elements-holder-custom-740095\" style=\"padding: 0 0 0 0\">\n\t\t\t\n<div class=\"edgtf-custom-font-holder\" style=\"font-family: Oswald;font-size: 90px;line-height: 110px;font-weight: 600;letter-spacing: 2px;text-transform: Uppercase;text-align: left;color: #ffffff\" data-font-size= 90 data-line-height= 110>\n\tAttracted\t<\/div>\n\n<div class=\"edgtf-custom-font-holder\" style=\"font-family: Oswald;font-size: 90px;line-height: 110px;font-weight: 600;letter-spacing: 2px;text-transform: Uppercase;text-align: left;color: #ffffff\" data-font-size= 90 data-line-height= 110>\n\tto Events\t<\/div>\n[vc_empty_space height=&#8220;25px&#8220;]\n<div class=\"edgtf-custom-font-holder\" style=\"font-family: Merriweather;font-size: 25px;line-height: 30px;font-weight: 200;text-align: left;color: #ffffff\" data-font-size= 25 data-line-height= 30>\n\t\n<div><em>Gerne planen wir gemeinsam mit dir dein Event auch von A bis Z durch. Wir k\u00f6nnen dir in Zusammenarbeit mit unseren Partnern ein spezielles Erlebnis schaffen, bei dem du als Gastgeber im Rampenlicht stehst.<\/em><\/div>\n\t<\/div>\n[vc_empty_space height=&#8220;40px&#8220;]<a itemprop=\"url\" href=\"mailto:hello@attracted.ch\" target=\"_self\"  class=\"edgtf-btn edgtf-btn-medium edgtf-btn-outline-light edgtf-btn-custom-hover-bg edgtf-btn-custom-border-hover edgtf-btn-custom-hover-color\" data-hover-bg-color=\"#ffffff\" data-hover-color=\"#130f0b\" data-hover-border-color=\"#ffffff\" >\n\t<span class=\"edgtf-btn-text\">Mehr erfahren<\/span>\n    <\/a>\t\t<\/div>\n\t<\/div>\n\t<\/div><\/div>[\/vc_column][\/vc_row][vc_row css=&#8220;.vc_custom_1687985144306{padding-top: 70px !important;padding-bottom: 70px !important;background-color: #ffffff !important;}&#8220;][vc_column offset=&#8220;vc_col-lg-12 vc_col-md-12&#8243;]\n<div class=\"edgtf-custom-font-holder\" style=\"font-family: Oswald;font-size: 30px;line-height: 40px;font-weight: 600;letter-spacing: 2px;text-transform: Uppercase;text-align: center;color: #c7a17a\" data-font-size= 30 data-line-height= 40>\n\tNext Events\t<\/div>\n[vc_empty_space][vc_row_inner][vc_column_inner width=&#8220;1\/2&#8243;][vc_single_image image=&#8220;14089&#8243; img_size=&#8220;medium&#8220; alignment=&#8220;center&#8220; onclick=&#8220;link_image&#8220;][\/vc_column_inner][vc_column_inner width=&#8220;1\/2&#8243;][vc_single_image image=&#8220;14090&#8243; img_size=&#8220;medium&#8220; alignment=&#8220;center&#8220; onclick=&#8220;link_image&#8220;][\/vc_column_inner][\/vc_row_inner][\/vc_column][\/vc_row][vc_row css=&#8220;.vc_custom_1687985154265{padding-top: 70px !important;padding-bottom: 70px !important;background-color: #f7f7f7 !important;}&#8220;][vc_column offset=&#8220;vc_col-lg-12 vc_col-md-12&#8243;]\n<div class=\"edgtf-custom-font-holder\" style=\"font-family: Oswald;font-size: 30px;line-height: 40px;font-weight: 600;letter-spacing: 2px;text-transform: Uppercase;text-align: center;color: #c7a17a\" data-font-size= 30 data-line-height= 40>\n\tPartners\t<\/div>\n[vc_empty_space][vc_row_inner][vc_column_inner width=&#8220;1\/6&#8243;][vc_single_image image=&#8220;14058&#8243; alignment=&#8220;center&#8220;][\/vc_column_inner][vc_column_inner width=&#8220;1\/6&#8243;][vc_single_image image=&#8220;14057&#8243; alignment=&#8220;center&#8220;][\/vc_column_inner][vc_column_inner width=&#8220;1\/6&#8243;][vc_single_image image=&#8220;14056&#8243; alignment=&#8220;center&#8220;][\/vc_column_inner][vc_column_inner width=&#8220;1\/6&#8243;][vc_single_image image=&#8220;14059&#8243; alignment=&#8220;center&#8220;][\/vc_column_inner][vc_column_inner width=&#8220;1\/6&#8243;][vc_single_image image=&#8220;14055&#8243; alignment=&#8220;center&#8220;][\/vc_column_inner][vc_column_inner width=&#8220;1\/6&#8243;][vc_single_image image=&#8220;14054&#8243; alignment=&#8220;center&#8220;][\/vc_column_inner][\/vc_row_inner][\/vc_column][\/vc_row]<\/p>\n","protected":false},"excerpt":{"rendered":"<p>[vc_row row_type=&#8220;parallax&#8220; content_width=&#8220;grid&#8220; header_style=&#8220;edgtf-dark-header&#8220; full_screen_section_height=&#8220;no&#8220; parallax_background_image=&#8220;14102&#8243; css=&#8220;.vc_custom_1688037070220{padding-top: 12% !important;padding-bottom: 12.7% !important;}&#8220; el_class=&#8220;darken&#8220;][vc_column offset=&#8220;vc_col-lg-12 vc_col-md-12&#8243;][\/vc_column][\/vc_row][vc_row row_type=&#8220;parallax&#8220; content_width=&#8220;grid&#8220; full_screen_section_height=&#8220;no&#8220; parallax_background_image=&#8220;14104&#8243; css=&#8220;.vc_custom_1688037082288{padding-top: 12% !important;padding-bottom: 12.7% !important;}&#8220; el_class=&#8220;darken&#8220;][vc_column offset=&#8220;vc_col-lg-offset-0 vc_col-lg-12 vc_col-md-12&#8243;][\/vc_column][\/vc_row][vc_row row_type=&#8220;parallax&#8220; content_width=&#8220;grid&#8220; full_screen_section_height=&#8220;no&#8220;&#8230;<\/p>\n","protected":false},"author":1,"featured_media":0,"parent":0,"menu_order":0,"comment_status":"closed","ping_status":"closed","template":"full-width.php","meta":{"footnotes":""},"class_list":["post-10386","page","type-page","status-publish","hentry"],"_links":{"self":[{"href":"https:\/\/attracted.ch\/index.php?rest_route=\/wp\/v2\/pages\/10386","targetHints":{"allow":["GET"]}}],"collection":[{"href":"https:\/\/attracted.ch\/index.php?rest_route=\/wp\/v2\/pages"}],"about":[{"href":"https:\/\/attracted.ch\/index.php?rest_route=\/wp\/v2\/types\/page"}],"author":[{"embeddable":true,"href":"https:\/\/attracted.ch\/index.php?rest_route=\/wp\/v2\/users\/1"}],"replies":[{"embeddable":true,"href":"https:\/\/attracted.ch\/index.php?rest_route=%2Fwp%2Fv2%2Fcomments&post=10386"}],"version-history":[{"count":49,"href":"https:\/\/attracted.ch\/index.php?rest_route=\/wp\/v2\/pages\/10386\/revisions"}],"predecessor-version":[{"id":14105,"href":"https:\/\/attracted.ch\/index.php?rest_route=\/wp\/v2\/pages\/10386\/revisions\/14105"}],"wp:attachment":[{"href":"https:\/\/attracted.ch\/index.php?rest_route=%2Fwp%2Fv2%2Fmedia&parent=10386"}],"curies":[{"name":"wp","href":"https:\/\/api.w.org\/{rel}","templated":true}]}}